{"id":5,"date":"2023-07-14T13:32:53","date_gmt":"2023-07-14T11:32:53","guid":{"rendered":"http:\/\/almos-tallos.com\/?page_id=5"},"modified":"2023-08-01T15:24:08","modified_gmt":"2023-08-01T13:24:08","slug":"home","status":"publish","type":"page","link":"http:\/\/almos-tallos.com\/en\/","title":{"rendered":"HOME"},"content":{"rendered":"<div data-elementor-type=\"wp-page\" data-elementor-id=\"5\" class=\"elementor elementor-5\">\n\t\t\t\t\t\t<section class=\"elementor-section elementor-top-section elementor-element elementor-element-9b74584 elementor-section-boxed elementor-section-height-default elementor-section-height-default\" data-id=\"9b74584\" data-element_type=\"section\" data-e-type=\"section\">\n\t\t\t\t\t\t<div class=\"elementor-container elementor-column-gap-default\">\n\t\t\t\t\t<div class=\"elementor-column elementor-col-100 elementor-top-column elementor-element elementor-element-6614330\" data-id=\"6614330\" data-element_type=\"column\" data-e-type=\"column\">\n\t\t\t<div class=\"elementor-widget-wrap elementor-element-populated\">\n\t\t\t\t\t\t<div class=\"elementor-element elementor-element-a9c6a6f elementor-widget elementor-widget-image\" data-id=\"a9c6a6f\" data-element_type=\"widget\" data-e-type=\"widget\" data-widget_type=\"image.default\">\n\t\t\t\t<div class=\"elementor-widget-container\">\n\t\t\t\t\t\t\t\t\t\t\t\t\t\t\t<img fetchpriority=\"high\" decoding=\"async\" width=\"1800\" height=\"1067\" src=\"http:\/\/almos-tallos.com\/wp-content\/uploads\/2023\/07\/P1024491.jpg\" class=\"attachment-2048x2048 size-2048x2048 wp-image-124\" alt=\"\" srcset=\"http:\/\/almos-tallos.com\/wp-content\/uploads\/2023\/07\/P1024491.jpg 1800w, http:\/\/almos-tallos.com\/wp-content\/uploads\/2023\/07\/P1024491-300x178.jpg 300w, http:\/\/almos-tallos.com\/wp-content\/uploads\/2023\/07\/P1024491-1024x607.jpg 1024w, http:\/\/almos-tallos.com\/wp-content\/uploads\/2023\/07\/P1024491-768x455.jpg 768w, http:\/\/almos-tallos.com\/wp-content\/uploads\/2023\/07\/P1024491-1536x911.jpg 1536w\" sizes=\"(max-width: 1800px) 100vw, 1800px\" \/>\t\t\t\t\t\t\t\t\t\t\t\t\t\t\t<\/div>\n\t\t\t\t<\/div>\n\t\t\t\t<div class=\"elementor-element elementor-element-91b6c82 elementor-widget elementor-widget-heading\" data-id=\"91b6c82\" data-element_type=\"widget\" data-e-type=\"widget\" data-widget_type=\"heading.default\">\n\t\t\t\t<div class=\"elementor-widget-container\">\n\t\t\t\t\t<h2 class=\"elementor-heading-title elementor-size-default\">HARPIST<\/h2>\t\t\t\t<\/div>\n\t\t\t\t<\/div>\n\t\t\t\t\t<\/div>\n\t\t<\/div>\n\t\t\t\t\t<\/div>\n\t\t<\/section>\n\t\t\t\t<section class=\"elementor-section elementor-top-section elementor-element elementor-element-f122371 elementor-section-height-min-height elementor-section-boxed elementor-section-height-default elementor-section-items-middle\" data-id=\"f122371\" data-element_type=\"section\" data-e-type=\"section\">\n\t\t\t\t\t\t<div class=\"elementor-container elementor-column-gap-default\">\n\t\t\t\t\t<div class=\"elementor-column elementor-col-100 elementor-top-column elementor-element elementor-element-05afa90\" data-id=\"05afa90\" data-element_type=\"column\" data-e-type=\"column\">\n\t\t\t<div class=\"elementor-widget-wrap elementor-element-populated\">\n\t\t\t\t\t\t<div class=\"elementor-element elementor-element-81c1bb9 elementor-widget elementor-widget-text-editor\" data-id=\"81c1bb9\" data-element_type=\"widget\" data-e-type=\"widget\" data-widget_type=\"text-editor.default\">\n\t\t\t\t<div class=\"elementor-widget-container\">\n\t\t\t\t\t\t\t\t\t<p>\"Music produces a kind of pleasure which human nature cannot do without.\" <em><br \/><\/em><\/p><p><em>Konfuzius<\/em><\/p>\t\t\t\t\t\t\t\t<\/div>\n\t\t\t\t<\/div>\n\t\t\t\t\t<\/div>\n\t\t<\/div>\n\t\t\t\t\t<\/div>\n\t\t<\/section>\n\t\t\t\t<section class=\"elementor-section elementor-top-section elementor-element elementor-element-6cf962f elementor-section-height-min-height elementor-section-boxed elementor-section-height-default elementor-section-items-middle\" data-id=\"6cf962f\" data-element_type=\"section\" data-e-type=\"section\">\n\t\t\t\t\t\t<div class=\"elementor-container elementor-column-gap-default\">\n\t\t\t\t\t<div class=\"elementor-column elementor-col-100 elementor-top-column elementor-element elementor-element-fb6b1ee\" data-id=\"fb6b1ee\" data-element_type=\"column\" data-e-type=\"column\">\n\t\t\t<div class=\"elementor-widget-wrap\">\n\t\t\t\t\t\t\t<\/div>\n\t\t<\/div>\n\t\t\t\t\t<\/div>\n\t\t<\/section>\n\t\t\t\t<section class=\"elementor-section elementor-top-section elementor-element elementor-element-18b1043b elementor-section-boxed elementor-section-height-default elementor-section-height-default\" data-id=\"18b1043b\" data-element_type=\"section\" data-e-type=\"section\" data-settings=\"{&quot;background_background&quot;:&quot;classic&quot;}\">\n\t\t\t\t\t\t<div class=\"elementor-container elementor-column-gap-default\">\n\t\t\t\t\t<div class=\"elementor-column elementor-col-33 elementor-top-column elementor-element elementor-element-1048d4bf\" data-id=\"1048d4bf\" data-element_type=\"column\" data-e-type=\"column\">\n\t\t\t<div class=\"elementor-widget-wrap elementor-element-populated\">\n\t\t\t\t\t\t<div class=\"elementor-element elementor-element-389764b4 elementor-invisible elementor-widget elementor-widget-heading\" data-id=\"389764b4\" data-element_type=\"widget\" data-e-type=\"widget\" data-settings=\"{&quot;_animation&quot;:&quot;fadeIn&quot;}\" data-widget_type=\"heading.default\">\n\t\t\t\t<div class=\"elementor-widget-container\">\n\t\t\t\t\t<h4 class=\"elementor-heading-title elementor-size-default\">\u00c1LMOS L\u00c1SZL\u00d3 TALL\u00d3S<\/h4>\t\t\t\t<\/div>\n\t\t\t\t<\/div>\n\t\t\t\t<div class=\"elementor-element elementor-element-14da3ced elementor-widget-divider--view-line elementor-invisible elementor-widget elementor-widget-divider\" data-id=\"14da3ced\" data-element_type=\"widget\" data-e-type=\"widget\" data-settings=\"{&quot;_animation&quot;:&quot;fadeIn&quot;}\" data-widget_type=\"divider.default\">\n\t\t\t\t<div class=\"elementor-widget-container\">\n\t\t\t\t\t\t\t<div class=\"elementor-divider\">\n\t\t\t<span class=\"elementor-divider-separator\">\n\t\t\t\t\t\t<\/span>\n\t\t<\/div>\n\t\t\t\t\t\t<\/div>\n\t\t\t\t<\/div>\n\t\t\t\t<div class=\"elementor-element elementor-element-156f6878 elementor-widget elementor-widget-text-editor\" data-id=\"156f6878\" data-element_type=\"widget\" data-e-type=\"widget\" data-widget_type=\"text-editor.default\">\n\t\t\t\t<div class=\"elementor-widget-container\">\n\t\t\t\t\t\t\t\t\t<p>(c) 2023 All Rights Reserved.<\/p>\t\t\t\t\t\t\t\t<\/div>\n\t\t\t\t<\/div>\n\t\t\t\t\t<\/div>\n\t\t<\/div>\n\t\t\t\t<div class=\"elementor-column elementor-col-33 elementor-top-column elementor-element elementor-element-17f75c91\" data-id=\"17f75c91\" data-element_type=\"column\" data-e-type=\"column\">\n\t\t\t<div class=\"elementor-widget-wrap elementor-element-populated\">\n\t\t\t\t\t\t<div class=\"elementor-element elementor-element-333ec57b elementor-invisible elementor-widget elementor-widget-heading\" data-id=\"333ec57b\" data-element_type=\"widget\" data-e-type=\"widget\" data-settings=\"{&quot;_animation&quot;:&quot;fadeIn&quot;}\" data-widget_type=\"heading.default\">\n\t\t\t\t<div class=\"elementor-widget-container\">\n\t\t\t\t\t<h4 class=\"elementor-heading-title elementor-size-default\">LINKS<\/h4>\t\t\t\t<\/div>\n\t\t\t\t<\/div>\n\t\t\t\t<div class=\"elementor-element elementor-element-32119a51 elementor-widget-divider--view-line elementor-invisible elementor-widget elementor-widget-divider\" data-id=\"32119a51\" data-element_type=\"widget\" data-e-type=\"widget\" data-settings=\"{&quot;_animation&quot;:&quot;fadeIn&quot;}\" data-widget_type=\"divider.default\">\n\t\t\t\t<div class=\"elementor-widget-container\">\n\t\t\t\t\t\t\t<div class=\"elementor-divider\">\n\t\t\t<span class=\"elementor-divider-separator\">\n\t\t\t\t\t\t<\/span>\n\t\t<\/div>\n\t\t\t\t\t\t<\/div>\n\t\t\t\t<\/div>\n\t\t\t\t<div class=\"elementor-element elementor-element-442924b8 elementor-align-start elementor-icon-list--layout-traditional elementor-list-item-link-full_width elementor-widget elementor-widget-icon-list\" data-id=\"442924b8\" data-element_type=\"widget\" data-e-type=\"widget\" data-widget_type=\"icon-list.default\">\n\t\t\t\t<div class=\"elementor-widget-container\">\n\t\t\t\t\t\t\t<ul class=\"elementor-icon-list-items\">\n\t\t\t\t\t\t\t<li class=\"elementor-icon-list-item\">\n\t\t\t\t\t\t\t\t\t\t\t<a href=\"http:\/\/almos-tallos.com\/en\/contact\/\">\n\n\t\t\t\t\t\t\t\t\t\t\t\t<span class=\"elementor-icon-list-icon\">\n\t\t\t\t\t\t\t<i aria-hidden=\"true\" class=\"fas fa-circle\"><\/i>\t\t\t\t\t\t<\/span>\n\t\t\t\t\t\t\t\t\t\t<span class=\"elementor-icon-list-text\">CONTACT<\/span>\n\t\t\t\t\t\t\t\t\t\t\t<\/a>\n\t\t\t\t\t\t\t\t\t<\/li>\n\t\t\t\t\t\t\t\t<li class=\"elementor-icon-list-item\">\n\t\t\t\t\t\t\t\t\t\t\t<a href=\"http:\/\/almos-tallos.com\/en\/impressum\/\">\n\n\t\t\t\t\t\t\t\t\t\t\t\t<span class=\"elementor-icon-list-icon\">\n\t\t\t\t\t\t\t<i aria-hidden=\"true\" class=\"fas fa-circle\"><\/i>\t\t\t\t\t\t<\/span>\n\t\t\t\t\t\t\t\t\t\t<span class=\"elementor-icon-list-text\">LEGAL NOTICE<\/span>\n\t\t\t\t\t\t\t\t\t\t\t<\/a>\n\t\t\t\t\t\t\t\t\t<\/li>\n\t\t\t\t\t\t\t\t<li class=\"elementor-icon-list-item\">\n\t\t\t\t\t\t\t\t\t\t\t<a href=\"http:\/\/almos-tallos.com\/en\/datenschutzerklaerung\/\">\n\n\t\t\t\t\t\t\t\t\t\t\t\t<span class=\"elementor-icon-list-icon\">\n\t\t\t\t\t\t\t<i aria-hidden=\"true\" class=\"fas fa-circle\"><\/i>\t\t\t\t\t\t<\/span>\n\t\t\t\t\t\t\t\t\t\t<span class=\"elementor-icon-list-text\">PRIVACY<\/span>\n\t\t\t\t\t\t\t\t\t\t\t<\/a>\n\t\t\t\t\t\t\t\t\t<\/li>\n\t\t\t\t\t\t<\/ul>\n\t\t\t\t\t\t<\/div>\n\t\t\t\t<\/div>\n\t\t\t\t\t<\/div>\n\t\t<\/div>\n\t\t\t\t<div class=\"elementor-column elementor-col-33 elementor-top-column elementor-element elementor-element-3de8fc18\" data-id=\"3de8fc18\" data-element_type=\"column\" data-e-type=\"column\">\n\t\t\t<div class=\"elementor-widget-wrap elementor-element-populated\">\n\t\t\t\t\t\t<div class=\"elementor-element elementor-element-4cc55f70 elementor-invisible elementor-widget elementor-widget-heading\" data-id=\"4cc55f70\" data-element_type=\"widget\" data-e-type=\"widget\" data-settings=\"{&quot;_animation&quot;:&quot;fadeIn&quot;}\" data-widget_type=\"heading.default\">\n\t\t\t\t<div class=\"elementor-widget-container\">\n\t\t\t\t\t<h4 class=\"elementor-heading-title elementor-size-default\">SOCIAL<\/h4>\t\t\t\t<\/div>\n\t\t\t\t<\/div>\n\t\t\t\t<div class=\"elementor-element elementor-element-325cf856 elementor-widget-divider--view-line elementor-invisible elementor-widget elementor-widget-divider\" data-id=\"325cf856\" data-element_type=\"widget\" data-e-type=\"widget\" data-settings=\"{&quot;_animation&quot;:&quot;fadeIn&quot;}\" data-widget_type=\"divider.default\">\n\t\t\t\t<div class=\"elementor-widget-container\">\n\t\t\t\t\t\t\t<div class=\"elementor-divider\">\n\t\t\t<span class=\"elementor-divider-separator\">\n\t\t\t\t\t\t<\/span>\n\t\t<\/div>\n\t\t\t\t\t\t<\/div>\n\t\t\t\t<\/div>\n\t\t\t\t<div class=\"elementor-element elementor-element-6b75b538 e-grid-align-left e-grid-align-tablet-left elementor-shape-circle elementor-grid-0 elementor-widget elementor-widget-social-icons\" data-id=\"6b75b538\" data-element_type=\"widget\" data-e-type=\"widget\" data-widget_type=\"social-icons.default\">\n\t\t\t\t<div class=\"elementor-widget-container\">\n\t\t\t\t\t\t\t<div class=\"elementor-social-icons-wrapper elementor-grid\" role=\"list\">\n\t\t\t\t\t\t\t<span class=\"elementor-grid-item\" role=\"listitem\">\n\t\t\t\t\t<a class=\"elementor-icon elementor-social-icon elementor-social-icon-instagram elementor-repeater-item-b393bc8\" href=\"https:\/\/www.instagram.com\/almostallos\/\" target=\"_blank\">\n\t\t\t\t\t\t<span class=\"elementor-screen-only\">Instagram<\/span>\n\t\t\t\t\t\t<i aria-hidden=\"true\" class=\"fab fa-instagram\"><\/i>\t\t\t\t\t<\/a>\n\t\t\t\t<\/span>\n\t\t\t\t\t\t\t<span class=\"elementor-grid-item\" role=\"listitem\">\n\t\t\t\t\t<a class=\"elementor-icon elementor-social-icon elementor-social-icon-facebook-f elementor-repeater-item-0444518\" href=\"https:\/\/www.facebook.com\/almos.tallos\" target=\"_blank\">\n\t\t\t\t\t\t<span class=\"elementor-screen-only\">Facebook-f<\/span>\n\t\t\t\t\t\t<i aria-hidden=\"true\" class=\"fab fa-facebook-f\"><\/i>\t\t\t\t\t<\/a>\n\t\t\t\t<\/span>\n\t\t\t\t\t<\/div>\n\t\t\t\t\t\t<\/div>\n\t\t\t\t<\/div>\n\t\t\t\t\t<\/div>\n\t\t<\/div>\n\t\t\t\t\t<\/div>\n\t\t<\/section>\n\t\t\t\t<\/div>","protected":false},"excerpt":{"rendered":"<p>HARFENIST \u201eMusik erzeugt eine Art Vergn\u00fcgen, auf das die menschliche Natur nicht verzichten kann.\u201c Konfuzius \u00c1LMOS L\u00c1SZL\u00d3 TALL\u00d3S (c) 2023 All Rights Reserved. LINKS KONTAKT IMPRESSUM DATENSCHUTZ SOCIAL Instagram Facebook-f<\/p>","protected":false},"author":1,"featured_media":0,"parent":0,"menu_order":0,"comment_status":"closed","ping_status":"closed","template":"","meta":{"_crdt_document":"","ocean_post_layout":"full-screen","ocean_both_sidebars_style":"","ocean_both_sidebars_content_width":0,"ocean_both_sidebars_sidebars_width":0,"ocean_sidebar":"0","ocean_second_sidebar":"0","ocean_disable_margins":"enable","ocean_add_body_class":"","ocean_shortcode_before_top_bar":"","ocean_shortcode_after_top_bar":"","ocean_shortcode_before_header":"","ocean_shortcode_after_header":"","ocean_has_shortcode":"","ocean_shortcode_after_title":"","ocean_shortcode_before_footer_widgets":"","ocean_shortcode_after_footer_widgets":"","ocean_shortcode_before_footer_bottom":"","ocean_shortcode_after_footer_bottom":"","ocean_display_top_bar":"off","ocean_display_header":"default","ocean_header_style":"","ocean_center_header_left_menu":"0","ocean_custom_header_template":"0","ocean_custom_logo":0,"ocean_custom_retina_logo":0,"ocean_custom_logo_max_width":0,"ocean_custom_logo_tablet_max_width":0,"ocean_custom_logo_mobile_max_width":0,"ocean_custom_logo_max_height":0,"ocean_custom_logo_tablet_max_height":0,"ocean_custom_logo_mobile_max_height":0,"ocean_header_custom_menu":"0","ocean_menu_typo_font_family":"0","ocean_menu_typo_font_subset":"","ocean_menu_typo_font_size":0,"ocean_menu_typo_font_size_tablet":0,"ocean_menu_typo_font_size_mobile":0,"ocean_menu_typo_font_size_unit":"px","ocean_menu_typo_font_weight":"","ocean_menu_typo_font_weight_tablet":"","ocean_menu_typo_font_weight_mobile":"","ocean_menu_typo_transform":"","ocean_menu_typo_transform_tablet":"","ocean_menu_typo_transform_mobile":"","ocean_menu_typo_line_height":0,"ocean_menu_typo_line_height_tablet":0,"ocean_menu_typo_line_height_mobile":0,"ocean_menu_typo_line_height_unit":"","ocean_menu_typo_spacing":0,"ocean_menu_typo_spacing_tablet":0,"ocean_menu_typo_spacing_mobile":0,"ocean_menu_typo_spacing_unit":"","ocean_menu_link_color":"","ocean_menu_link_color_hover":"","ocean_menu_link_color_active":"","ocean_menu_link_background":"","ocean_menu_link_hover_background":"","ocean_menu_link_active_background":"","ocean_menu_social_links_bg":"","ocean_menu_social_hover_links_bg":"","ocean_menu_social_links_color":"","ocean_menu_social_hover_links_color":"","ocean_disable_title":"on","ocean_disable_heading":"default","ocean_post_title":"","ocean_post_subheading":"","ocean_post_title_style":"","ocean_post_title_background_color":"","ocean_post_title_background":0,"ocean_post_title_bg_image_position":"","ocean_post_title_bg_image_attachment":"","ocean_post_title_bg_image_repeat":"","ocean_post_title_bg_image_size":"","ocean_post_title_height":0,"ocean_post_title_bg_overlay":0.5,"ocean_post_title_bg_overlay_color":"","ocean_disable_breadcrumbs":"default","ocean_breadcrumbs_color":"","ocean_breadcrumbs_separator_color":"","ocean_breadcrumbs_links_color":"","ocean_breadcrumbs_links_hover_color":"","ocean_display_footer_widgets":"off","ocean_display_footer_bottom":"off","ocean_custom_footer_template":"0","footnotes":""},"class_list":["post-5","page","type-page","status-publish","hentry","entry"],"yoast_head":"<!-- This site is optimized with the Yoast SEO plugin v27.5 - https:\/\/yoast.com\/product\/yoast-seo-wordpress\/ -->\n<title>HOME - Almos Tallos<\/title>\n<meta name=\"robots\" content=\"index, follow, max-snippet:-1, max-image-preview:large, max-video-preview:-1\" \/>\n<link rel=\"canonical\" href=\"http:\/\/almos-tallos.com\/en\/\" \/>\n<meta property=\"og:locale\" content=\"en_GB\" \/>\n<meta property=\"og:type\" content=\"article\" \/>\n<meta property=\"og:title\" content=\"HOME - Almos Tallos\" \/>\n<meta property=\"og:description\" content=\"HARFENIST \u201eMusik erzeugt eine Art Vergn\u00fcgen, auf das die menschliche Natur nicht verzichten kann.\u201c Konfuzius \u00c1LMOS L\u00c1SZL\u00d3 TALL\u00d3S (c) 2023 All Rights Reserved. LINKS KONTAKT IMPRESSUM DATENSCHUTZ SOCIAL Instagram Facebook-f\" \/>\n<meta property=\"og:url\" content=\"http:\/\/almos-tallos.com\/en\/\" \/>\n<meta property=\"og:site_name\" content=\"Almos Tallos\" \/>\n<meta property=\"article:modified_time\" content=\"2023-08-01T13:24:08+00:00\" \/>\n<meta property=\"og:image\" content=\"http:\/\/almos-tallos.com\/wp-content\/uploads\/2023\/07\/P1024491.jpg\" \/>\n<meta name=\"twitter:card\" content=\"summary_large_image\" \/>\n<meta name=\"twitter:label1\" content=\"Estimated reading time\" \/>\n\t<meta name=\"twitter:data1\" content=\"1 minute\" \/>\n<script type=\"application\/ld+json\" class=\"yoast-schema-graph\">{\"@context\":\"https:\\\/\\\/schema.org\",\"@graph\":[{\"@type\":\"WebPage\",\"@id\":\"http:\\\/\\\/almos-tallos.com\\\/\",\"url\":\"http:\\\/\\\/almos-tallos.com\\\/\",\"name\":\"HOME - Almos Tallos\",\"isPartOf\":{\"@id\":\"http:\\\/\\\/almos-tallos.com\\\/#website\"},\"primaryImageOfPage\":{\"@id\":\"http:\\\/\\\/almos-tallos.com\\\/#primaryimage\"},\"image\":{\"@id\":\"http:\\\/\\\/almos-tallos.com\\\/#primaryimage\"},\"thumbnailUrl\":\"http:\\\/\\\/almos-tallos.com\\\/wp-content\\\/uploads\\\/2023\\\/07\\\/P1024491.jpg\",\"datePublished\":\"2023-07-14T11:32:53+00:00\",\"dateModified\":\"2023-08-01T13:24:08+00:00\",\"breadcrumb\":{\"@id\":\"http:\\\/\\\/almos-tallos.com\\\/#breadcrumb\"},\"inLanguage\":\"en-GB\",\"potentialAction\":[{\"@type\":\"ReadAction\",\"target\":[\"http:\\\/\\\/almos-tallos.com\\\/\"]}]},{\"@type\":\"ImageObject\",\"inLanguage\":\"en-GB\",\"@id\":\"http:\\\/\\\/almos-tallos.com\\\/#primaryimage\",\"url\":\"http:\\\/\\\/almos-tallos.com\\\/wp-content\\\/uploads\\\/2023\\\/07\\\/P1024491.jpg\",\"contentUrl\":\"http:\\\/\\\/almos-tallos.com\\\/wp-content\\\/uploads\\\/2023\\\/07\\\/P1024491.jpg\"},{\"@type\":\"BreadcrumbList\",\"@id\":\"http:\\\/\\\/almos-tallos.com\\\/#breadcrumb\",\"itemListElement\":[{\"@type\":\"ListItem\",\"position\":1,\"name\":\"Startseite\",\"item\":\"http:\\\/\\\/almos-tallos.com\\\/\"},{\"@type\":\"ListItem\",\"position\":2,\"name\":\"HOME\"}]},{\"@type\":\"WebSite\",\"@id\":\"http:\\\/\\\/almos-tallos.com\\\/#website\",\"url\":\"http:\\\/\\\/almos-tallos.com\\\/\",\"name\":\"Almos Tallos\",\"description\":\"\",\"publisher\":{\"@id\":\"http:\\\/\\\/almos-tallos.com\\\/#organization\"},\"potentialAction\":[{\"@type\":\"SearchAction\",\"target\":{\"@type\":\"EntryPoint\",\"urlTemplate\":\"http:\\\/\\\/almos-tallos.com\\\/?s={search_term_string}\"},\"query-input\":{\"@type\":\"PropertyValueSpecification\",\"valueRequired\":true,\"valueName\":\"search_term_string\"}}],\"inLanguage\":\"en-GB\"},{\"@type\":\"Organization\",\"@id\":\"http:\\\/\\\/almos-tallos.com\\\/#organization\",\"name\":\"Almos Tallos\",\"url\":\"http:\\\/\\\/almos-tallos.com\\\/\",\"logo\":{\"@type\":\"ImageObject\",\"inLanguage\":\"en-GB\",\"@id\":\"http:\\\/\\\/almos-tallos.com\\\/#\\\/schema\\\/logo\\\/image\\\/\",\"url\":\"http:\\\/\\\/almos-tallos.com\\\/wp-content\\\/uploads\\\/2023\\\/07\\\/cropped-TALLOS_LOGO.png\",\"contentUrl\":\"http:\\\/\\\/almos-tallos.com\\\/wp-content\\\/uploads\\\/2023\\\/07\\\/cropped-TALLOS_LOGO.png\",\"width\":608,\"height\":118,\"caption\":\"Almos Tallos\"},\"image\":{\"@id\":\"http:\\\/\\\/almos-tallos.com\\\/#\\\/schema\\\/logo\\\/image\\\/\"}}]}<\/script>\n<!-- \/ Yoast SEO plugin. -->","yoast_head_json":{"title":"HOME - Almos Tallos","robots":{"index":"index","follow":"follow","max-snippet":"max-snippet:-1","max-image-preview":"max-image-preview:large","max-video-preview":"max-video-preview:-1"},"canonical":"http:\/\/almos-tallos.com\/en\/","og_locale":"en_GB","og_type":"article","og_title":"HOME - Almos Tallos","og_description":"HARFENIST \u201eMusik erzeugt eine Art Vergn\u00fcgen, auf das die menschliche Natur nicht verzichten kann.\u201c Konfuzius \u00c1LMOS L\u00c1SZL\u00d3 TALL\u00d3S (c) 2023 All Rights Reserved. LINKS KONTAKT IMPRESSUM DATENSCHUTZ SOCIAL Instagram Facebook-f","og_url":"http:\/\/almos-tallos.com\/en\/","og_site_name":"Almos Tallos","article_modified_time":"2023-08-01T13:24:08+00:00","og_image":[{"url":"http:\/\/almos-tallos.com\/wp-content\/uploads\/2023\/07\/P1024491.jpg","type":"","width":"","height":""}],"twitter_card":"summary_large_image","twitter_misc":{"Estimated reading time":"1 minute"},"schema":{"@context":"https:\/\/schema.org","@graph":[{"@type":"WebPage","@id":"http:\/\/almos-tallos.com\/","url":"http:\/\/almos-tallos.com\/","name":"HOME - Almos Tallos","isPartOf":{"@id":"http:\/\/almos-tallos.com\/#website"},"primaryImageOfPage":{"@id":"http:\/\/almos-tallos.com\/#primaryimage"},"image":{"@id":"http:\/\/almos-tallos.com\/#primaryimage"},"thumbnailUrl":"http:\/\/almos-tallos.com\/wp-content\/uploads\/2023\/07\/P1024491.jpg","datePublished":"2023-07-14T11:32:53+00:00","dateModified":"2023-08-01T13:24:08+00:00","breadcrumb":{"@id":"http:\/\/almos-tallos.com\/#breadcrumb"},"inLanguage":"en-GB","potentialAction":[{"@type":"ReadAction","target":["http:\/\/almos-tallos.com\/"]}]},{"@type":"ImageObject","inLanguage":"en-GB","@id":"http:\/\/almos-tallos.com\/#primaryimage","url":"http:\/\/almos-tallos.com\/wp-content\/uploads\/2023\/07\/P1024491.jpg","contentUrl":"http:\/\/almos-tallos.com\/wp-content\/uploads\/2023\/07\/P1024491.jpg"},{"@type":"BreadcrumbList","@id":"http:\/\/almos-tallos.com\/#breadcrumb","itemListElement":[{"@type":"ListItem","position":1,"name":"Startseite","item":"http:\/\/almos-tallos.com\/"},{"@type":"ListItem","position":2,"name":"HOME"}]},{"@type":"WebSite","@id":"http:\/\/almos-tallos.com\/#website","url":"http:\/\/almos-tallos.com\/","name":"Almos Tallos","description":"","publisher":{"@id":"http:\/\/almos-tallos.com\/#organization"},"potentialAction":[{"@type":"SearchAction","target":{"@type":"EntryPoint","urlTemplate":"http:\/\/almos-tallos.com\/?s={search_term_string}"},"query-input":{"@type":"PropertyValueSpecification","valueRequired":true,"valueName":"search_term_string"}}],"inLanguage":"en-GB"},{"@type":"Organization","@id":"http:\/\/almos-tallos.com\/#organization","name":"Almos Tallos","url":"http:\/\/almos-tallos.com\/","logo":{"@type":"ImageObject","inLanguage":"en-GB","@id":"http:\/\/almos-tallos.com\/#\/schema\/logo\/image\/","url":"http:\/\/almos-tallos.com\/wp-content\/uploads\/2023\/07\/cropped-TALLOS_LOGO.png","contentUrl":"http:\/\/almos-tallos.com\/wp-content\/uploads\/2023\/07\/cropped-TALLOS_LOGO.png","width":608,"height":118,"caption":"Almos Tallos"},"image":{"@id":"http:\/\/almos-tallos.com\/#\/schema\/logo\/image\/"}}]}},"_links":{"self":[{"href":"http:\/\/almos-tallos.com\/en\/wp-json\/wp\/v2\/pages\/5","targetHints":{"allow":["GET"]}}],"collection":[{"href":"http:\/\/almos-tallos.com\/en\/wp-json\/wp\/v2\/pages"}],"about":[{"href":"http:\/\/almos-tallos.com\/en\/wp-json\/wp\/v2\/types\/page"}],"author":[{"embeddable":true,"href":"http:\/\/almos-tallos.com\/en\/wp-json\/wp\/v2\/users\/1"}],"replies":[{"embeddable":true,"href":"http:\/\/almos-tallos.com\/en\/wp-json\/wp\/v2\/comments?post=5"}],"version-history":[{"count":135,"href":"http:\/\/almos-tallos.com\/en\/wp-json\/wp\/v2\/pages\/5\/revisions"}],"predecessor-version":[{"id":537,"href":"http:\/\/almos-tallos.com\/en\/wp-json\/wp\/v2\/pages\/5\/revisions\/537"}],"wp:attachment":[{"href":"http:\/\/almos-tallos.com\/en\/wp-json\/wp\/v2\/media?parent=5"}],"curies":[{"name":"wp","href":"https:\/\/api.w.org\/{rel}","templated":true}]}}